{"id":204,"date":"2025-02-25T15:25:02","date_gmt":"2025-02-25T13:25:02","guid":{"rendered":"https:\/\/kotisivutsinulle.fi\/yritykset\/betoman\/?page_id=204"},"modified":"2025-03-03T08:33:41","modified_gmt":"2025-03-03T06:33:41","slug":"tarjous","status":"publish","type":"page","link":"https:\/\/kotisivutsinulle.fi\/yritykset\/betoman\/tarjous\/","title":{"rendered":"Pyyd\u00e4 tarjous"},"content":{"rendered":"\n<div class=\"wp-block-columns is-layout-flex wp-container-core-columns-is-layout-1 wp-block-columns-is-layout-flex\">\n<div class=\"wp-block-column is-layout-flow wp-block-column-is-layout-flow\" style=\"padding-top:var(--wp--preset--spacing--50);padding-bottom:var(--wp--preset--spacing--50)\">\n<h2 class=\"wp-block-heading has-text-align-center\">L\u00e4het\u00e4 tarjouspyynt\u00f6 osoitteeseen&nbsp;<a href=\"mailto:johannes.niemela@betoman.fi\">johannes.niemela@betoman.fi<\/a><\/h2>\n\n\n\n<p class=\"has-text-align-center\">Voit kysy\u00e4 tarjouksen my\u00f6s alla olevalla lomakkeella.<\/p>\n<\/div>\n<\/div>\n\n\n\n<div class=\"wp-block-columns is-layout-flex wp-container-core-columns-is-layout-2 wp-block-columns-is-layout-flex\">\n<div class=\"wp-block-column is-style-default is-layout-flow wp-block-column-is-layout-flow\" style=\"padding-right:0;padding-left:0\">\n<div class=\"wpcf7 no-js\" id=\"wpcf7-f222-o1\" lang=\"fi\" dir=\"ltr\" data-wpcf7-id=\"222\">\n<div class=\"screen-reader-response\"><p role=\"status\" aria-live=\"polite\" aria-atomic=\"true\"><\/p> <ul><\/ul><\/div>\n<form action=\"\/yritykset\/betoman\/wp-json\/wp\/v2\/pages\/204#wpcf7-f222-o1\" method=\"post\" class=\"wpcf7-form init\" aria-label=\"Yhteydenottolomake\" novalidate=\"novalidate\" data-status=\"init\">\n<div style=\"display: none;\">\n<input type=\"hidden\" name=\"_wpcf7\" value=\"222\" \/>\n<input type=\"hidden\" name=\"_wpcf7_version\" value=\"6.0.4\" \/>\n<input type=\"hidden\" name=\"_wpcf7_locale\" value=\"fi\" \/>\n<input type=\"hidden\" name=\"_wpcf7_unit_tag\" value=\"wpcf7-f222-o1\" \/>\n<input type=\"hidden\" name=\"_wpcf7_container_post\" value=\"0\" \/>\n<input type=\"hidden\" name=\"_wpcf7_posted_data_hash\" value=\"\" \/>\n<\/div>\n<p><label for=\"nimi\">Nimi *<\/label><br \/>\n<span class=\"wpcf7-form-control-wrap\" data-name=\"nimi\"><input size=\"40\" maxlength=\"400\" class=\"wpcf7-form-control wpcf7-text wpcf7-validates-as-required\" id=\"nimi\" aria-required=\"true\" aria-invalid=\"false\" placeholder=\"Nimesi\" value=\"\" type=\"text\" name=\"nimi\" \/><\/span>\n<\/p>\n<p><label for=\"sahkoposti\">S\u00e4hk\u00f6posti *<\/label><br \/>\n<span class=\"wpcf7-form-control-wrap\" data-name=\"sahkoposti\"><input size=\"40\" maxlength=\"400\" class=\"wpcf7-form-control wpcf7-email wpcf7-validates-as-required wpcf7-text wpcf7-validates-as-email\" id=\"sahkoposti\" aria-required=\"true\" aria-invalid=\"false\" placeholder=\"S\u00e4hk\u00f6postiosoitteesi\" value=\"\" type=\"email\" name=\"sahkoposti\" \/><\/span>\n<\/p>\n<p><label for=\"puhelin\">Puhelinnumero<\/label><br \/>\n<span class=\"wpcf7-form-control-wrap\" data-name=\"puhelin\"><input size=\"40\" maxlength=\"400\" class=\"wpcf7-form-control wpcf7-tel wpcf7-text wpcf7-validates-as-tel\" id=\"puhelin\" aria-invalid=\"false\" placeholder=\"Puhelinnumerosi\" value=\"\" type=\"tel\" name=\"puhelin\" \/><\/span>\n<\/p>\n<p><label for=\"yritys\">Yritys<\/label><br \/>\n<span class=\"wpcf7-form-control-wrap\" data-name=\"yritys\"><input size=\"40\" maxlength=\"400\" class=\"wpcf7-form-control wpcf7-text\" id=\"yritys\" aria-invalid=\"false\" placeholder=\"Yrityksen nimi\" value=\"\" type=\"text\" name=\"yritys\" \/><\/span>\n<\/p>\n<p><label for=\"kuvaus\">Projektin kuvaus<\/label><br \/>\n<span class=\"wpcf7-form-control-wrap\" data-name=\"kuvaus\"><textarea cols=\"40\" rows=\"10\" maxlength=\"2000\" class=\"wpcf7-form-control wpcf7-textarea\" id=\"kuvaus\" aria-invalid=\"false\" placeholder=\"Kerro projektistasi\" name=\"kuvaus\"><\/textarea><\/span>\n<\/p>\n<p><label for=\"aikataulu\">Toivottu aikataulu<\/label><br \/>\n<span class=\"wpcf7-form-control-wrap\" data-name=\"aikataulu\"><input size=\"40\" maxlength=\"400\" class=\"wpcf7-form-control wpcf7-text\" id=\"aikataulu\" aria-invalid=\"false\" placeholder=\"Esim. Kev\u00e4t 2025\" value=\"\" type=\"text\" name=\"aikataulu\" \/><\/span>\n<\/p>\n<p><label for=\"budjetti\">Budjetti (valinnainen)<\/label><br \/>\n<span class=\"wpcf7-form-control-wrap\" data-name=\"budjetti\"><input size=\"40\" maxlength=\"400\" class=\"wpcf7-form-control wpcf7-text\" id=\"budjetti\" aria-invalid=\"false\" placeholder=\"Esim. 10 000\u20ac\" value=\"\" type=\"text\" name=\"budjetti\" \/><\/span>\n<\/p>\n<p><input class=\"wpcf7-form-control wpcf7-submit has-spinner\" type=\"submit\" value=\"L\u00e4het\u00e4\" \/>\n<\/p><div class=\"wpcf7-response-output\" aria-hidden=\"true\"><\/div>\n<\/form>\n<\/div>\n\n<\/div>\n<\/div>\n","protected":false},"excerpt":{"rendered":"<p>L\u00e4het\u00e4 tarjouspyynt\u00f6 osoitteeseen&nbsp;johannes.niemela@betoman.fi Voit kysy\u00e4 tarjouksen my\u00f6s alla olevalla lomakkeella.<\/p>\n","protected":false},"author":1,"featured_media":0,"parent":0,"menu_order":0,"comment_status":"closed","ping_status":"closed","template":"page-no-title","meta":{"footnotes":""},"class_list":["post-204","page","type-page","status-publish","hentry"],"_links":{"self":[{"href":"https:\/\/kotisivutsinulle.fi\/yritykset\/betoman\/wp-json\/wp\/v2\/pages\/204","targetHints":{"allow":["GET"]}}],"collection":[{"href":"https:\/\/kotisivutsinulle.fi\/yritykset\/betoman\/wp-json\/wp\/v2\/pages"}],"about":[{"href":"https:\/\/kotisivutsinulle.fi\/yritykset\/betoman\/wp-json\/wp\/v2\/types\/page"}],"author":[{"embeddable":true,"href":"https:\/\/kotisivutsinulle.fi\/yritykset\/betoman\/wp-json\/wp\/v2\/users\/1"}],"replies":[{"embeddable":true,"href":"https:\/\/kotisivutsinulle.fi\/yritykset\/betoman\/wp-json\/wp\/v2\/comments?post=204"}],"version-history":[{"count":24,"href":"https:\/\/kotisivutsinulle.fi\/yritykset\/betoman\/wp-json\/wp\/v2\/pages\/204\/revisions"}],"predecessor-version":[{"id":587,"href":"https:\/\/kotisivutsinulle.fi\/yritykset\/betoman\/wp-json\/wp\/v2\/pages\/204\/revisions\/587"}],"wp:attachment":[{"href":"https:\/\/kotisivutsinulle.fi\/yritykset\/betoman\/wp-json\/wp\/v2\/media?parent=204"}],"curies":[{"name":"wp","href":"https:\/\/api.w.org\/{rel}","templated":true}]}}