{"id":7,"date":"2025-02-24T12:49:19","date_gmt":"2025-02-24T10:49:19","guid":{"rendered":"https:\/\/kotisivutsinulle.fi\/yritykset\/betoman\/?page_id=7"},"modified":"2025-03-03T12:34:02","modified_gmt":"2025-03-03T10:34:02","slug":"etusivu","status":"publish","type":"page","link":"https:\/\/kotisivutsinulle.fi\/yritykset\/betoman\/","title":{"rendered":"Etusivu"},"content":{"rendered":"\n<div class=\"wp-block-cover alignfull is-light\" style=\"min-height:694px;aspect-ratio:unset;\"><span aria-hidden=\"true\" class=\"wp-block-cover__background has-background-dim\" style=\"background-color:#9e9991\"><\/span><img loading=\"lazy\" decoding=\"async\" width=\"1440\" height=\"1920\" class=\"wp-block-cover__image-background wp-image-625\" alt=\"\" src=\"https:\/\/kotisivutsinulle.fi\/yritykset\/betoman\/wp-content\/uploads\/2025\/03\/Betoman-tausta-1.jpg\" data-object-fit=\"cover\" srcset=\"https:\/\/kotisivutsinulle.fi\/yritykset\/betoman\/wp-content\/uploads\/2025\/03\/Betoman-tausta-1.jpg 1440w, https:\/\/kotisivutsinulle.fi\/yritykset\/betoman\/wp-content\/uploads\/2025\/03\/Betoman-tausta-1-225x300.jpg 225w, https:\/\/kotisivutsinulle.fi\/yritykset\/betoman\/wp-content\/uploads\/2025\/03\/Betoman-tausta-1-768x1024.jpg 768w, https:\/\/kotisivutsinulle.fi\/yritykset\/betoman\/wp-content\/uploads\/2025\/03\/Betoman-tausta-1-1152x1536.jpg 1152w\" sizes=\"auto, (max-width: 1440px) 100vw, 1440px\" \/><div class=\"wp-block-cover__inner-container has-global-padding is-layout-constrained wp-block-cover-is-layout-constrained\">\n<div class=\"wp-block-columns alignfull is-layout-flex wp-container-core-columns-is-layout-1 wp-block-columns-is-layout-flex\">\n<div class=\"wp-block-column is-layout-flow wp-block-column-is-layout-flow\" style=\"flex-basis:70%\">\n<p class=\"has-text-align-left is-style-text-annotation has-base-color has-text-color has-background has-link-color has-x-large-font-size wp-elements-f66ae56d10471de65b3d90b9ebfdac51 is-style-text-annotation--1\" style=\"border-style:none;border-width:0px;border-radius:0px;background-color:#191818e0;margin-top:0;margin-right:var(--wp--preset--spacing--80);margin-bottom:0;margin-left:var(--wp--preset--spacing--80);padding-top:var(--wp--preset--spacing--30);padding-right:var(--wp--preset--spacing--30);padding-bottom:var(--wp--preset--spacing--30);padding-left:var(--wp--preset--spacing--30)\"><strong>Betoman<\/strong> &#8211; Betonirakentamisen ammattilainen<br><em><br><\/em>&#8211; Betonilaudoitukset, raudoitukset ja betonivalut.<br>&#8211; Isot ja pienet ty\u00f6maat Etel\u00e4-Suomessa<br>&#8211; My\u00f6s puurunkoty\u00f6t, kuten vesikattojen <br>puurakenteet.<\/p>\n\n\n\n<div class=\"wp-block-buttons is-content-justification-left is-layout-flex wp-container-core-buttons-is-layout-1 wp-block-buttons-is-layout-flex\" style=\"padding-right:var(--wp--preset--spacing--80);padding-left:var(--wp--preset--spacing--80)\">\n<div class=\"wp-block-button has-custom-font-size is-style-outline has-large-font-size is-style-outline--2\"><a class=\"wp-block-button__link has-base-color has-text-color has-background has-link-color has-border-color has-accent-4-border-color has-text-align-left wp-element-button\" href=\"https:\/\/kotisivutsinulle.fi\/yritykset\/betoman\/tarjous\/\" style=\"border-width:2px;background:linear-gradient(135deg,rgb(255,60,0) 4%,rgba(255,78,0,0.6) 100%);padding-right:var(--wp--preset--spacing--40);padding-left:var(--wp--preset--spacing--40)\"><strong>PYYD\u00c4 TARJOUS<\/strong><\/a><\/div>\n<\/div>\n<\/div>\n\n\n\n<div class=\"wp-block-column is-vertically-aligned-center is-layout-flow wp-block-column-is-layout-flow\"><\/div>\n<\/div>\n<\/div><\/div>\n\n\n\n<div class=\"wp-block-group has-global-padding is-layout-constrained wp-container-core-group-is-layout-1 wp-block-group-is-layout-constrained\" style=\"margin-top:var(--wp--preset--spacing--50);margin-bottom:var(--wp--preset--spacing--50)\">\n<h2 class=\"wp-block-heading\">Ajankohtaista<\/h2>\n\n\n\n<p>Betoman Oy \u2013 Betonimuotti, raudoitus ja valuty\u00f6t vuosikymmenten kokemuksella. Betomanin taustana on omistajansa Johannes Niemel\u00e4n vuosikymmenten kokemus alan t\u00f6ist\u00e4. Urakointi alkoi kahdeksankymment\u00e4luvulla urakkaryhmiss\u00e4. Vuonna 2003 perustettiin Rakennus Jo-Ri Oy joka erikoistui betonilaudoitust\u00f6ihin. Yritys on toiminut menestyksekk\u00e4\u00e4sti tehden isoja vaativia kohteita. Johannes Niemel\u00e4 toimi yhti\u00f6n toimitusjohtajana ja toimintaa jatkettiin aina vuoteen 2025. Rakennus Jo-Rin yhti\u00f6j\u00e4rjestelyjen takia p\u00e4\u00e4tettiin perustaa uusi alan yritys Betoman Oy. Molempien yritysten taloudellinen tila on eritt\u00e4in hyv\u00e4 ja j\u00e4rjestelyt johtuivat osakkaiden el\u00e4k\u00f6itymisest\u00e4. Betoman Oy tekee betonilaudoitus, raudoitus, valuty\u00f6t ja puurunkorakentamisen ammattitaitoisella nuorekkaalla energisell\u00e4 henkil\u00f6st\u00f6ll\u00e4 .Toimialueena on etel\u00e4-Suomi.<br><\/p>\n\n\n\n<p style=\"margin-top:var(--wp--preset--spacing--50);margin-bottom:var(--wp--preset--spacing--50)\">Betoman Oy tekee paikallavaluty\u00f6t, muottity\u00f6t ja betonivalut<br>Teemme betonilaudoitust\u00f6iden lis\u00e4ksi puurunkot\u00f6it\u00e4 esim. vesikattojen puurakenteita.<br>Betonimuottit\u00f6it\u00e4 toteutetaan seuraavasti<br><br>Kappaletavaramuotilla tehd\u00e4\u00e4n usein perustukset ja v\u00e4est\u00f6suojat.<br>Isommissa sein\u00e4kokonaisuuksissa k\u00e4ytet\u00e4\u00e4n j\u00e4rjestelm\u00e4muottia.<br>L\u00e4mp\u00f6muottia voidaan k\u00e4ytt\u00e4\u00e4 talvirakentamisessa.<br>Holvimuottij\u00e4rjestelm\u00e4t soveltuvat isojen paikallavaluholvien toteutukseen.<br>Mantteloinnilla voidaan usein saneerausty\u00f6maalla vahvistaa vanhoja betonirakenteita.<br><br>Betonilaudoitus, raudoitus ja valuty\u00f6t ovat huolellista ammattitaitoa vaativia erikoist\u00f6it\u00e4 joihin Betoman Oy:lta l\u00f6ytyy vahva osaaminen. Oma ty\u00f6njohtomme pyrkii auttamaan tilaajan ty\u00f6njohtoa mahdollisimman paljon.<br><br>Tarjoamme mielell\u00e4mme betonity\u00f6t teille.<\/p>\n\n\n\n<h2 class=\"wp-block-heading\">Vastuullisuus<\/h2>\n\n\n\n<p>Materiaali ja ty\u00f6ntekij\u00e4ketjumme ovat l\u00e4pin\u00e4kyvi\u00e4. Eettiset arvot ja luvanvaraisuus huomioidaan kaikessa tekemisess\u00e4mme. Ty\u00f6ntekij\u00f6ill\u00e4mme on tarvittavat luvat ja koulutukset aina kunnossa.<\/p>\n\n\n\n<p>Materiaalien kierr\u00e4tys on tehty eritt\u00e4in tarkaksi ja ylim\u00e4\u00e4r\u00e4inen j\u00e4te lajitellaan vaatimusten mukaisesti. Ymp\u00e4rist\u00f6arvoihin kiinnitet\u00e4\u00e4n erityist\u00e4 huomiota.<\/p>\n<\/div>\n","protected":false},"excerpt":{"rendered":"<p>Ajankohtaista Betoman Oy \u2013 Betonimuotti, raudoitus ja valuty\u00f6t vuosikymmenten kokemuksella. Betomanin taustana on omistajansa Johannes Niemel\u00e4n vuosikymmenten kokemus alan t\u00f6ist\u00e4. Urakointi alkoi kahdeksankymment\u00e4luvulla urakkaryhmiss\u00e4. Vuonna 2003 perustettiin Rakennus Jo-Ri Oy joka erikoistui betonilaudoitust\u00f6ihin. Yritys on toiminut menestyksekk\u00e4\u00e4sti tehden isoja vaativia kohteita. Johannes Niemel\u00e4 toimi yhti\u00f6n toimitusjohtajana ja toimintaa jatkettiin aina vuoteen 2025. Rakennus Jo-Rin yhti\u00f6j\u00e4rjestelyjen [&hellip;]<\/p>\n","protected":false},"author":1,"featured_media":0,"parent":0,"menu_order":0,"comment_status":"closed","ping_status":"closed","template":"page-no-title","meta":{"footnotes":""},"class_list":["post-7","page","type-page","status-publish","hentry"],"_links":{"self":[{"href":"https:\/\/kotisivutsinulle.fi\/yritykset\/betoman\/wp-json\/wp\/v2\/pages\/7","targetHints":{"allow":["GET"]}}],"collection":[{"href":"https:\/\/kotisivutsinulle.fi\/yritykset\/betoman\/wp-json\/wp\/v2\/pages"}],"about":[{"href":"https:\/\/kotisivutsinulle.fi\/yritykset\/betoman\/wp-json\/wp\/v2\/types\/page"}],"author":[{"embeddable":true,"href":"https:\/\/kotisivutsinulle.fi\/yritykset\/betoman\/wp-json\/wp\/v2\/users\/1"}],"replies":[{"embeddable":true,"href":"https:\/\/kotisivutsinulle.fi\/yritykset\/betoman\/wp-json\/wp\/v2\/comments?post=7"}],"version-history":[{"count":92,"href":"https:\/\/kotisivutsinulle.fi\/yritykset\/betoman\/wp-json\/wp\/v2\/pages\/7\/revisions"}],"predecessor-version":[{"id":626,"href":"https:\/\/kotisivutsinulle.fi\/yritykset\/betoman\/wp-json\/wp\/v2\/pages\/7\/revisions\/626"}],"wp:attachment":[{"href":"https:\/\/kotisivutsinulle.fi\/yritykset\/betoman\/wp-json\/wp\/v2\/media?parent=7"}],"curies":[{"name":"wp","href":"https:\/\/api.w.org\/{rel}","templated":true}]}}