
{"id":12,"date":"2025-02-03T09:09:13","date_gmt":"2025-02-03T07:09:13","guid":{"rendered":"https:\/\/kotisivutsinulle.fi\/yritykset\/viikkoprint\/?page_id=12"},"modified":"2025-02-07T15:02:44","modified_gmt":"2025-02-07T13:02:44","slug":"painopalvelu","status":"publish","type":"page","link":"https:\/\/kotisivutsinulle.fi\/yritykset\/viikkoprint\/painopalvelu\/","title":{"rendered":"Painopalvelu"},"content":{"rendered":"\n<div class=\"wp-block-group alignfull has-global-padding is-layout-constrained wp-container-core-group-is-layout-12243e0f wp-block-group-is-layout-constrained\">\n<div class=\"wp-block-cover alignfull has-parallax\" style=\"margin-top:0;margin-bottom:0;padding-right:0;padding-left:0;min-height:618px;aspect-ratio:unset;\"><span aria-hidden=\"true\" class=\"wp-block-cover__background has-accent-6-background-color has-background-dim\"><\/span><div class=\"wp-block-cover__image-background wp-image-16 has-parallax\" style=\"background-position:50% 50%;background-image:url(https:\/\/kotisivutsinulle.fi\/yritykset\/viikkoprint\/wp-content\/uploads\/2025\/02\/viikkoprint5-scaled.jpg)\"><\/div><div class=\"wp-block-cover__inner-container has-global-padding is-layout-constrained wp-container-core-cover-is-layout-f6ecc964 wp-block-cover-is-layout-constrained\">\n<p class=\"has-text-align-center is-style-text-annotation has-base-color has-text-color has-background has-link-color wp-elements-2380ee8767318a9b61f6ba421b5c700d is-style-text-annotation--1\" style=\"border-style:none;border-width:0px;border-radius:0px;background-color:#0000008f;margin-top:0;margin-right:0;margin-bottom:0;margin-left:0;padding-top:var(--wp--preset--spacing--30);padding-right:var(--wp--preset--spacing--70);padding-bottom:var(--wp--preset--spacing--30);padding-left:var(--wp--preset--spacing--70);font-size:clamp(1.551rem, 1.551rem + ((1vw - 0.2rem) * 1.645), 2.6rem);\">NOPEA JA TEHOKAS<br>PAINOPALVELU<br>KANTA-H\u00c4MEESS\u00c4<\/p>\n<\/div><\/div>\n<\/div>\n\n\n\n<div class=\"wp-block-group has-global-padding is-content-justification-center is-layout-constrained wp-container-core-group-is-layout-986cd963 wp-block-group-is-layout-constrained\">\n<h2 class=\"wp-block-heading alignwide has-text-align-center\" id=\"h2-otsikko\" style=\"font-size:clamp(1.198rem, 1.198rem + ((1vw - 0.2rem) * 1.101), 1.9rem);\">T\u00c4YDEN PALVELUN DIGIPAINO Kanta-H\u00e4meess\u00e4<\/h2>\n\n\n\n<p id=\"leipa\">Palvelemme asiakkaitamme printtipalveluiden parissa joustavasti ja ammattitaitoisesti. Toteutamme mm. paperiset painotuotteet monenlaisiin tarpeisiin niin yksityis- kuin yritysasiakkaillekin. Meilt\u00e4 saat painopalvelut ja ensiluokkaisen laadukkaat tuotteet aina kilpailukykyiseen hintaan. Laadukkaat ja kauniit painotuotteet syntyv\u00e4t ammattilaisen k\u00e4siss\u00e4 tehokkaasti.<br><br>Ota yhteytt\u00e4 Viikko-Printiin, kun kaipaat ammattilaisen tarjoamia painopalveluita alueella Riihim\u00e4ki ja muu Kanta-H\u00e4me! Vastaamme mielell\u00e4mme sinua mietitytt\u00e4viin kysymyksiin ja tiedusteluihin painotuotteista.<\/p>\n\n\n\n<div class=\"wp-block-buttons is-layout-flex wp-block-buttons-is-layout-flex\">\n<div class=\"wp-block-button\"><a class=\"wp-block-button__link has-background wp-element-button\" href=\"https:\/\/kotisivutsinulle.fi\/yritykset\/viikkoprint\/yhteystiedot\/\" style=\"border-style:none;border-width:0px;border-radius:3px;background-color:#0f4fb3;padding-top:var(--wp--preset--spacing--20);padding-right:var(--wp--preset--spacing--30);padding-bottom:var(--wp--preset--spacing--20);padding-left:var(--wp--preset--spacing--30)\">OTA YHTEYTT\u00c4 &gt;&gt;<\/a><\/div>\n<\/div>\n<\/div>\n\n\n\n<div class=\"wp-block-group alignfull has-background has-global-padding is-layout-constrained wp-block-group-is-layout-constrained\" style=\"background-color:#0f4fb3\">\n<div class=\"wp-block-columns alignfull has-background is-layout-flex wp-container-core-columns-is-layout-d777386e wp-block-columns-is-layout-flex\" style=\"background-color:#0f4fb3;margin-top:var(--wp--preset--spacing--50);margin-bottom:var(--wp--preset--spacing--50);padding-right:var(--wp--preset--spacing--20);padding-left:var(--wp--preset--spacing--20)\">\n<div class=\"wp-block-column is-vertically-aligned-center is-layout-flow wp-block-column-is-layout-flow\">\n<figure class=\"wp-block-image alignright size-large is-resized\" style=\"margin-top:var(--wp--preset--spacing--20);margin-right:var(--wp--preset--spacing--40);margin-bottom:var(--wp--preset--spacing--20);margin-left:var(--wp--preset--spacing--40)\"><img loading=\"lazy\" decoding=\"async\" width=\"768\" height=\"1024\" src=\"https:\/\/kotisivutsinulle.fi\/yritykset\/viikkoprint\/wp-content\/uploads\/2025\/02\/viikkoprint8-768x1024.jpg\" alt=\"\" class=\"wp-image-23\" style=\"aspect-ratio:1;object-fit:cover;width:559px;height:auto\" srcset=\"https:\/\/kotisivutsinulle.fi\/yritykset\/viikkoprint\/wp-content\/uploads\/2025\/02\/viikkoprint8-768x1024.jpg 768w, https:\/\/kotisivutsinulle.fi\/yritykset\/viikkoprint\/wp-content\/uploads\/2025\/02\/viikkoprint8-225x300.jpg 225w, https:\/\/kotisivutsinulle.fi\/yritykset\/viikkoprint\/wp-content\/uploads\/2025\/02\/viikkoprint8-1152x1536.jpg 1152w, https:\/\/kotisivutsinulle.fi\/yritykset\/viikkoprint\/wp-content\/uploads\/2025\/02\/viikkoprint8.jpg 1400w\" sizes=\"auto, (max-width: 768px) 100vw, 768px\" \/><\/figure>\n<\/div>\n\n\n\n<div class=\"wp-block-column is-style-default is-layout-flow wp-container-core-column-is-layout-46f9b4d0 wp-block-column-is-layout-flow\" style=\"padding-right:0\">\n<h2 class=\"wp-block-heading has-base-color has-text-color has-link-color has-x-large-font-size wp-elements-c947c6f5832c019809b05d01e344e289\" id=\"h2-otsikko\" style=\"padding-right:0\">Digipaino: nopea ja <br>edullinen painotekniikka<\/h2>\n\n\n\n<p class=\"has-text-align-left has-base-color has-text-color has-link-color wp-elements-ad2af1e3d958fd497bcbe14da3f06a0c\" id=\"leipa\" style=\"border-style:none;border-width:0px;border-radius:0px;margin-right:34%;padding-right:var(--wp--preset--spacing--60);padding-left:0\">K\u00e4yt\u00e4mme painamiseen digipainotekniikkaa, jossa painettava kuva muodostetaan suoraan digitaalisesta l\u00e4hteest\u00e4 k\u00e4ytt\u00e4m\u00e4tt\u00e4 painolevy\u00e4. Tekniikan tehokkuuden ansiosta digipainamalla voidaan tuottaa nopeasti ja helposti my\u00f6s pieni\u00e4 kappalem\u00e4\u00e4ri\u00e4 erilaisia painotuotteita edullisesti.<br><br>Digipaino on ekologinen printtitekniikka, sill\u00e4 se v\u00e4hent\u00e4\u00e4 merkitt\u00e4v\u00e4sti erilaisten mainosmateriaalien h\u00e4vikki\u00e4. Arvion mukaan jopa 35 % painetuista markkinointimateriaaleista j\u00e4\u00e4 kokonaan levitt\u00e4m\u00e4tt\u00e4. Digipainon nopeuden ja tehokkuuden ansiosta materiaaleja voidaan p\u00e4ivitt\u00e4\u00e4 jatkuvasti ja painaa lis\u00e4\u00e4 aina tarpeen mukaan pieniss\u00e4 eriss\u00e4.&nbsp;<br><br>Digipainatuksella tuotteet ovat valmiita j\u00e4lkik\u00e4sittelyyn ja k\u00e4ytt\u00f6\u00f6n v\u00e4litt\u00f6m\u00e4sti painatuksen j\u00e4lkeen eik\u00e4 pitki\u00e4 kuivumisaikoja tarvita.<\/p>\n\n\n\n<div class=\"wp-block-buttons is-horizontal is-content-justification-left is-layout-flex wp-container-core-buttons-is-layout-6ef71ed0 wp-block-buttons-is-layout-flex\" style=\"margin-top:var(--wp--preset--spacing--30);margin-bottom:var(--wp--preset--spacing--30);padding-right:0;padding-left:0\">\n<div class=\"wp-block-button has-custom-width wp-block-button__width-25 has-custom-font-size has-large-font-size\"><a class=\"wp-block-button__link has-contrast-color has-base-background-color has-text-color has-background has-link-color wp-element-button\" href=\"https:\/\/kotisivutsinulle.fi\/yritykset\/viikkoprint\/yhteystiedot\/\" style=\"border-style:none;border-width:0px;border-radius:3px;padding-top:0;padding-right:0;padding-bottom:0;padding-left:0\">PYYD\u00c4 TARJOUS &gt;&gt;<\/a><\/div>\n<\/div>\n<\/div>\n<\/div>\n<\/div>\n\n\n\n<h2 class=\"wp-block-heading\" id=\"h2-otsikko\">meilt\u00e4 saat mm. seuraavia&nbsp; TUOTTEita:<\/h2>\n\n\n\n<ul id=\"leipa\" class=\"wp-block-list\">\n<li>Lomakkeet ja asiapaperit<\/li>\n\n\n\n<li>Esitteet<\/li>\n\n\n\n<li>Vuosikertomukset<\/li>\n\n\n\n<li>Kalenterit<\/li>\n\n\n\n<li>Ruokalistat<\/li>\n\n\n\n<li>P\u00e4\u00e4syliput ja viirit<\/li>\n\n\n\n<li>Tarrat (paperi &amp; muovi)<\/li>\n\n\n\n<li>K\u00e4yntikortit<\/li>\n\n\n\n<li>Kutsut<\/li>\n\n\n\n<li>Kortit<\/li>\n\n\n\n<li>Kirjekuoret<\/li>\n\n\n\n<li>J\u00e4senkortit &amp; henkil\u00f6kortit<\/li>\n\n\n\n<li>Flyerit ja muut mainokset<\/li>\n<\/ul>\n\n\n\n<p id=\"leipa\">Olipa kyseess\u00e4 h\u00e4idesi kutsukortit tai yrityksesi markkinointimateriaali, j\u00e4t\u00e4 painotuotteet meid\u00e4n hoidettavaksi! Painamme erilaiset paperiset tuotteet laadukkain lopputuloksin.<br><br>Painamme niin pienet kuin suuretkin er\u00e4t nopealla ja joustavalla aikataululla aina laadukkaasti. Meill\u00e4 sinua palvelee aina alan kokenut ammattilainen, joka osaa valita tarpeisiisi parhaiten sopivat vaihtoehdot esimerkiksi materiaalien osalta.<br><br>Asiakkaamme erilaisten painotuotteiden osalta (digipaino) tulevat p\u00e4\u00e4osin alueelta Riihim\u00e4ki, H\u00e4meenlinna, Hyvink\u00e4\u00e4, Forssa, M\u00e4nts\u00e4l\u00e4, Karkkila, H\u00e4meenkoski, Hollola, Lahti, Loppi, Nurmij\u00e4rvi ja l\u00e4hialueet. Ota yhteytt\u00e4, kun tarvitset ammattilaisten monipuolisia painotalon palveluita!<\/p>\n\n\n\n<div class=\"wp-block-buttons is-layout-flex wp-block-buttons-is-layout-flex\">\n<div class=\"wp-block-button\"><a class=\"wp-block-button__link has-background wp-element-button\" href=\"https:\/\/kotisivutsinulle.fi\/yritykset\/viikkoprint\/yhteystiedot\/\" style=\"border-style:none;border-width:0px;border-radius:3px;background-color:#0f4fb3;padding-top:var(--wp--preset--spacing--20);padding-right:var(--wp--preset--spacing--30);padding-bottom:var(--wp--preset--spacing--20);padding-left:var(--wp--preset--spacing--30)\">OTA YHTEYTT\u00c4 &gt;&gt;<\/a><\/div>\n<\/div>\n","protected":false},"excerpt":{"rendered":"<p>T\u00c4YDEN PALVELUN DIGIPAINO Kanta-H\u00e4meess\u00e4 Palvelemme asiakkaitamme printtipalveluiden parissa joustavasti ja ammattitaitoisesti. Toteutamme mm. paperiset painotuotteet monenlaisiin tarpeisiin niin yksityis- kuin yritysasiakkaillekin. Meilt\u00e4 saat painopalvelut ja ensiluokkaisen laadukkaat tuotteet aina kilpailukykyiseen hintaan. Laadukkaat ja kauniit painotuotteet syntyv\u00e4t ammattilaisen k\u00e4siss\u00e4 tehokkaasti. Ota yhteytt\u00e4 Viikko-Printiin, kun kaipaat ammattilaisen tarjoamia painopalveluita alueella Riihim\u00e4ki ja muu Kanta-H\u00e4me! Vastaamme mielell\u00e4mme sinua [&hellip;]<\/p>\n","protected":false},"author":1,"featured_media":0,"parent":0,"menu_order":0,"comment_status":"closed","ping_status":"closed","template":"","meta":{"footnotes":""},"class_list":["post-12","page","type-page","status-publish","hentry"],"_links":{"self":[{"href":"https:\/\/kotisivutsinulle.fi\/yritykset\/viikkoprint\/wp-json\/wp\/v2\/pages\/12","targetHints":{"allow":["GET"]}}],"collection":[{"href":"https:\/\/kotisivutsinulle.fi\/yritykset\/viikkoprint\/wp-json\/wp\/v2\/pages"}],"about":[{"href":"https:\/\/kotisivutsinulle.fi\/yritykset\/viikkoprint\/wp-json\/wp\/v2\/types\/page"}],"author":[{"embeddable":true,"href":"https:\/\/kotisivutsinulle.fi\/yritykset\/viikkoprint\/wp-json\/wp\/v2\/users\/1"}],"replies":[{"embeddable":true,"href":"https:\/\/kotisivutsinulle.fi\/yritykset\/viikkoprint\/wp-json\/wp\/v2\/comments?post=12"}],"version-history":[{"count":80,"href":"https:\/\/kotisivutsinulle.fi\/yritykset\/viikkoprint\/wp-json\/wp\/v2\/pages\/12\/revisions"}],"predecessor-version":[{"id":289,"href":"https:\/\/kotisivutsinulle.fi\/yritykset\/viikkoprint\/wp-json\/wp\/v2\/pages\/12\/revisions\/289"}],"wp:attachment":[{"href":"https:\/\/kotisivutsinulle.fi\/yritykset\/viikkoprint\/wp-json\/wp\/v2\/media?parent=12"}],"curies":[{"name":"wp","href":"https:\/\/api.w.org\/{rel}","templated":true}]}}