
{"id":6,"date":"2025-02-03T09:05:26","date_gmt":"2025-02-03T07:05:26","guid":{"rendered":"https:\/\/kotisivutsinulle.fi\/yritykset\/viikkoprint\/?page_id=6"},"modified":"2025-02-10T10:51:11","modified_gmt":"2025-02-10T08:51:11","slug":"etusivu","status":"publish","type":"page","link":"https:\/\/kotisivutsinulle.fi\/yritykset\/viikkoprint\/","title":{"rendered":"Etusivu."},"content":{"rendered":"\n<div class=\"wp-block-group alignfull has-global-padding is-layout-constrained wp-block-group-is-layout-constrained\">\n<div class=\"wp-block-cover alignfull is-light wp-duotone-unset-2\" style=\"margin-top:0;margin-bottom:0;padding-right:0;padding-left:0;min-height:800px;aspect-ratio:unset;\"><span aria-hidden=\"true\" class=\"wp-block-cover__background has-accent-6-background-color has-background-dim-20 has-background-dim\"><\/span><img loading=\"lazy\" decoding=\"async\" width=\"1024\" height=\"683\" class=\"wp-block-cover__image-background wp-image-10\" alt=\"\" src=\"https:\/\/kotisivutsinulle.fi\/yritykset\/viikkoprint\/wp-content\/uploads\/2025\/02\/viikkoprint4-1024x683.jpg\" style=\"object-position:53% 29%\" data-object-fit=\"cover\" data-object-position=\"53% 29%\" srcset=\"https:\/\/kotisivutsinulle.fi\/yritykset\/viikkoprint\/wp-content\/uploads\/2025\/02\/viikkoprint4-1024x683.jpg 1024w, https:\/\/kotisivutsinulle.fi\/yritykset\/viikkoprint\/wp-content\/uploads\/2025\/02\/viikkoprint4-300x200.jpg 300w, https:\/\/kotisivutsinulle.fi\/yritykset\/viikkoprint\/wp-content\/uploads\/2025\/02\/viikkoprint4-768x512.jpg 768w, https:\/\/kotisivutsinulle.fi\/yritykset\/viikkoprint\/wp-content\/uploads\/2025\/02\/viikkoprint4-1536x1024.jpg 1536w, https:\/\/kotisivutsinulle.fi\/yritykset\/viikkoprint\/wp-content\/uploads\/2025\/02\/viikkoprint4-2048x1365.jpg 2048w\" sizes=\"auto, (max-width: 1024px) 100vw, 1024px\" \/><div class=\"wp-block-cover__inner-container has-global-padding is-layout-constrained wp-container-core-cover-is-layout-5474f00b wp-block-cover-is-layout-constrained\">\n<p class=\"has-text-align-center is-style-text-annotation has-base-color has-text-color has-background has-link-color has-xx-large-font-size wp-elements-c7d475302c61fe585929ab8e41750946 is-style-text-annotation--1\" style=\"border-style:none;border-width:0px;border-radius:0px;background-color:#000000a1;margin-top:0;margin-right:0;margin-bottom:0;margin-left:0;padding-top:var(--wp--preset--spacing--30);padding-right:var(--wp--preset--spacing--50);padding-bottom:var(--wp--preset--spacing--30);padding-left:var(--wp--preset--spacing--50)\">PAINOTALO  VIIKKO-<br>PRINT  ON  KATTAVAN<br>PALVELUN  PAINOTALO<\/p>\n<\/div><\/div>\n<\/div>\n\n\n\n<div class=\"wp-block-group alignwide has-global-padding is-layout-constrained wp-container-core-group-is-layout-8a400663 wp-block-group-is-layout-constrained\">\n<h2 class=\"wp-block-heading\" id=\"h2-otsikko\">Viikko-Print on palveleva painotalo<\/h2>\n\n\n\n<p class=\"has-text-align-left is-style-default has-large-font-size\" id=\"leipa\">Viikko-Print on palveleva digipaino Kanta-H\u00e4meess\u00e4. Tarjoamme kattavat painopalvelut asiakkaidemme monipuolisiin tarpeisiin nopeasti ja joustavasti. Palvelemme niin yksityisasiakkaita kuin yrityksi\u00e4kin.<br><br>Meilt\u00e4 saat laadukkaat painotuotteet nopeasti ja edullisesti alueella Riihim\u00e4ki, H\u00e4meenlinna, Hyvink\u00e4\u00e4, Forssa, M\u00e4nts\u00e4l\u00e4, Karkkila, H\u00e4meenkoski, Hollola, Lahti, Loppi, Nurmij\u00e4rvi ja l\u00e4hialueet. Ota yhteytt\u00e4, kun tarvitset ammattilaisten monipuolisia painotalon palveluita!<\/p>\n\n\n\n<div class=\"wp-block-columns alignwide is-layout-flex wp-container-core-columns-is-layout-28f84493 wp-block-columns-is-layout-flex\">\n<div class=\"wp-block-column is-layout-flow wp-block-column-is-layout-flow\">\n<div class=\"wp-block-buttons alignwide is-layout-flex wp-block-buttons-is-layout-flex\">\n<div class=\"wp-block-button\"><a class=\"wp-block-button__link has-background wp-element-button\" href=\"https:\/\/kotisivutsinulle.fi\/yritykset\/viikkoprint\/yhteystiedot\/\" style=\"border-style:none;border-width:0px;border-radius:3px;background-color:#0f4fb3;padding-top:var(--wp--preset--spacing--20);padding-right:var(--wp--preset--spacing--30);padding-bottom:var(--wp--preset--spacing--20);padding-left:var(--wp--preset--spacing--30)\">ota yhteytt\u00e4 &gt;&gt;<\/a><\/div>\n<\/div>\n<\/div>\n\n\n\n<div class=\"wp-block-column is-layout-flow wp-block-column-is-layout-flow\"><\/div>\n<\/div>\n<\/div>\n\n\n\n<div class=\"wp-block-columns alignwide is-layout-flex wp-container-core-columns-is-layout-12a0b04b wp-block-columns-is-layout-flex\" style=\"padding-top:var(--wp--preset--spacing--40)\">\n<div class=\"wp-block-column is-layout-flow wp-block-column-is-layout-flow\">\n<figure class=\"wp-block-image size-large is-resized\" style=\"margin-top:var(--wp--preset--spacing--30);margin-left:var(--wp--preset--spacing--70)\"><img loading=\"lazy\" decoding=\"async\" width=\"1024\" height=\"678\" src=\"https:\/\/kotisivutsinulle.fi\/yritykset\/viikkoprint\/wp-content\/uploads\/2025\/02\/viikkoprint3-1024x678.jpg\" alt=\"\" class=\"wp-image-94\" style=\"width:500px;height:auto\" srcset=\"https:\/\/kotisivutsinulle.fi\/yritykset\/viikkoprint\/wp-content\/uploads\/2025\/02\/viikkoprint3-1024x678.jpg 1024w, https:\/\/kotisivutsinulle.fi\/yritykset\/viikkoprint\/wp-content\/uploads\/2025\/02\/viikkoprint3-300x199.jpg 300w, https:\/\/kotisivutsinulle.fi\/yritykset\/viikkoprint\/wp-content\/uploads\/2025\/02\/viikkoprint3-768x509.jpg 768w, https:\/\/kotisivutsinulle.fi\/yritykset\/viikkoprint\/wp-content\/uploads\/2025\/02\/viikkoprint3-1536x1018.jpg 1536w, https:\/\/kotisivutsinulle.fi\/yritykset\/viikkoprint\/wp-content\/uploads\/2025\/02\/viikkoprint3-2048x1357.jpg 2048w\" sizes=\"auto, (max-width: 1024px) 100vw, 1024px\" \/><\/figure>\n<\/div>\n\n\n\n<div class=\"wp-block-column is-layout-flow wp-block-column-is-layout-flow\">\n<h2 class=\"wp-block-heading\" id=\"h2-otsikko\">Painopalvelut ammattitaidolla<\/h2>\n\n\n\n<p id=\"leipa\">Painotalo Viikko-Print valmistaa monenlaisia painotuotteita. Yli kymmenen vuoden kokemuksen tuomalla tietotaidolla painamme erilaiset painotuotteet tarpeesi ja toiveesi mukaan. Toteutamme niin pienet kuin suuretkin painotuote-er\u00e4t nopeallakin aikataululla, aina kilpailukykyiseen hintaan. Olipa kyse millaisesta painotuotteesta tahansa, k\u00e4\u00e4nny meid\u00e4n puoleemme. Autamme mielell\u00e4mme, vaikka jo suunnitteluvaiheessa!<\/p>\n\n\n\n<div class=\"wp-block-buttons is-layout-flex wp-block-buttons-is-layout-flex\">\n<div class=\"wp-block-button\"><a class=\"wp-block-button__link has-background wp-element-button\" href=\"https:\/\/kotisivutsinulle.fi\/yritykset\/viikkoprint\/painopalvelu\/\" style=\"border-style:none;border-width:0px;border-radius:3px;background-color:#0f4fb3;padding-top:var(--wp--preset--spacing--20);padding-right:var(--wp--preset--spacing--30);padding-bottom:var(--wp--preset--spacing--20);padding-left:var(--wp--preset--spacing--30)\">lue lis\u00e4\u00e4 &gt;&gt;<\/a><\/div>\n<\/div>\n<\/div>\n<\/div>\n\n\n\n<div class=\"wp-block-group alignfull has-background has-x-large-font-size has-global-padding is-layout-constrained wp-container-core-group-is-layout-41465d23 wp-block-group-is-layout-constrained\" style=\"background-color:#0f4fb3;margin-top:var(--wp--preset--spacing--60);margin-bottom:var(--wp--preset--spacing--60);padding-top:var(--wp--preset--spacing--30);padding-bottom:var(--wp--preset--spacing--30)\">\n<p class=\"has-text-align-center has-base-color has-text-color has-link-color has-x-large-font-size wp-elements-39c11417a2f6be0076155894420e5b75\" style=\"padding-top:0;padding-right:0;padding-bottom:0;padding-left:0\">Meilt\u00e4 nyt my\u00f6s sein\u00e4kalenterit toiveidesi mukaan!<\/p>\n\n\n\n<div class=\"wp-block-buttons is-content-justification-center is-layout-flex wp-container-core-buttons-is-layout-a89b3969 wp-block-buttons-is-layout-flex\">\n<div class=\"wp-block-button\"><a class=\"wp-block-button__link has-base-background-color has-text-color has-background has-link-color wp-element-button\" href=\"https:\/\/kotisivutsinulle.fi\/yritykset\/viikkoprint\/seinakalenteri\/\" style=\"border-style:none;border-width:0px;border-radius:3px;color:#0f4fb3;padding-top:var(--wp--preset--spacing--20);padding-right:var(--wp--preset--spacing--30);padding-bottom:var(--wp--preset--spacing--20);padding-left:var(--wp--preset--spacing--30)\">lue lis\u00e4\u00e4 &gt;&gt;<\/a><\/div>\n<\/div>\n<\/div>\n\n\n\n<div class=\"wp-block-columns alignwide is-layout-flex wp-container-core-columns-is-layout-28f84493 wp-block-columns-is-layout-flex\">\n<div class=\"wp-block-column is-layout-flow wp-block-column-is-layout-flow\">\n<h2 class=\"wp-block-heading\" id=\"h2-otsikko\">meilt\u00e4 saat painotuotteet moneen tarpeeseen<\/h2>\n\n\n\n<p id=\"leipa\">Toteutamme nopealla ja tehokkaalla digipainotekniikalla erilaiset painotuotteet toiveidesi mukaisesti.<br><br>Meilt\u00e4 saat muun muassa:<\/p>\n\n\n\n<ul class=\"wp-block-list\">\n<li>Kortit ja kutsut<\/li>\n\n\n\n<li>Kirjekuoret<\/li>\n\n\n\n<li>Asiakirjat ja lomakkeet<\/li>\n\n\n\n<li>Flyerit ja muut mainokset<\/li>\n\n\n\n<li>K\u00e4yntikortit<\/li>\n\n\n\n<li>Tarrat<\/li>\n\n\n\n<li><a href=\"https:\/\/viikkoprint.fi\/seinakalenteri-riihimaki.html\">Sein\u00e4kalenterit<\/a><\/li>\n<\/ul>\n\n\n\n<div class=\"wp-block-buttons alignwide is-content-justification-space-between is-layout-flex wp-container-core-buttons-is-layout-b2891da8 wp-block-buttons-is-layout-flex\">\n<div class=\"wp-block-button is-style-fill\"><a class=\"wp-block-button__link has-background has-text-align-left wp-element-button\" href=\"https:\/\/kotisivutsinulle.fi\/yritykset\/viikkoprint\/painopalvelu\/\" style=\"border-style:none;border-width:0px;border-radius:3px;background-color:#0f4fb3;padding-top:var(--wp--preset--spacing--20);padding-right:var(--wp--preset--spacing--40);padding-bottom:var(--wp--preset--spacing--20);padding-left:var(--wp--preset--spacing--40)\">LUE LIS\u00c4\u00c4 &gt;&gt;<\/a><\/div>\n<\/div>\n<\/div>\n\n\n\n<div class=\"wp-block-column is-layout-flow wp-block-column-is-layout-flow\">\n<figure class=\"wp-block-image size-large\"><img loading=\"lazy\" decoding=\"async\" width=\"1024\" height=\"683\" src=\"https:\/\/kotisivutsinulle.fi\/yritykset\/viikkoprint\/wp-content\/uploads\/2025\/02\/viikkoprint1-1024x683.jpg\" alt=\"\" class=\"wp-image-106\" srcset=\"https:\/\/kotisivutsinulle.fi\/yritykset\/viikkoprint\/wp-content\/uploads\/2025\/02\/viikkoprint1-1024x683.jpg 1024w, https:\/\/kotisivutsinulle.fi\/yritykset\/viikkoprint\/wp-content\/uploads\/2025\/02\/viikkoprint1-300x200.jpg 300w, https:\/\/kotisivutsinulle.fi\/yritykset\/viikkoprint\/wp-content\/uploads\/2025\/02\/viikkoprint1-768x512.jpg 768w, https:\/\/kotisivutsinulle.fi\/yritykset\/viikkoprint\/wp-content\/uploads\/2025\/02\/viikkoprint1-1536x1024.jpg 1536w, https:\/\/kotisivutsinulle.fi\/yritykset\/viikkoprint\/wp-content\/uploads\/2025\/02\/viikkoprint1-2048x1366.jpg 2048w\" sizes=\"auto, (max-width: 1024px) 100vw, 1024px\" \/><\/figure>\n<\/div>\n<\/div>\n\n\n\n<div class=\"wp-block-group alignfull has-background has-xx-large-font-size has-global-padding is-layout-constrained wp-container-core-group-is-layout-a661eb73 wp-block-group-is-layout-constrained\" style=\"background-color:#0f4fb3;margin-top:var(--wp--preset--spacing--60);margin-bottom:var(--wp--preset--spacing--60);padding-top:var(--wp--preset--spacing--50);padding-bottom:var(--wp--preset--spacing--50)\">\n<div class=\"wp-block-columns alignwide is-layout-flex wp-container-core-columns-is-layout-28f84493 wp-block-columns-is-layout-flex\">\n<div class=\"wp-block-column is-layout-flow wp-block-column-is-layout-flow\">\n<figure class=\"wp-block-image alignleft size-large is-resized\" style=\"margin-left:var(--wp--preset--spacing--40)\"><img loading=\"lazy\" decoding=\"async\" width=\"1862\" height=\"1861\" src=\"https:\/\/kotisivutsinulle.fi\/yritykset\/viikkoprint\/wp-content\/uploads\/2025\/02\/viikkoprint2-edited.jpg\" alt=\"\" class=\"wp-image-109\" style=\"width:509px;height:auto\" srcset=\"https:\/\/kotisivutsinulle.fi\/yritykset\/viikkoprint\/wp-content\/uploads\/2025\/02\/viikkoprint2-edited.jpg 1862w, https:\/\/kotisivutsinulle.fi\/yritykset\/viikkoprint\/wp-content\/uploads\/2025\/02\/viikkoprint2-edited-300x300.jpg 300w, https:\/\/kotisivutsinulle.fi\/yritykset\/viikkoprint\/wp-content\/uploads\/2025\/02\/viikkoprint2-edited-1024x1024.jpg 1024w, https:\/\/kotisivutsinulle.fi\/yritykset\/viikkoprint\/wp-content\/uploads\/2025\/02\/viikkoprint2-edited-150x150.jpg 150w, https:\/\/kotisivutsinulle.fi\/yritykset\/viikkoprint\/wp-content\/uploads\/2025\/02\/viikkoprint2-edited-768x768.jpg 768w, https:\/\/kotisivutsinulle.fi\/yritykset\/viikkoprint\/wp-content\/uploads\/2025\/02\/viikkoprint2-edited-1536x1536.jpg 1536w\" sizes=\"auto, (max-width: 1862px) 100vw, 1862px\" \/><\/figure>\n<\/div>\n\n\n\n<div class=\"wp-block-column is-layout-flow wp-block-column-is-layout-flow\">\n<h2 class=\"wp-block-heading has-base-color has-text-color has-link-color has-x-large-font-size wp-elements-7a60ef025610f3b42c17f76b89c7ab4d\" id=\"h2-otsikko\">Laadukkaat painotuotteet aina ammattimaisesti<\/h2>\n\n\n\n<p class=\"has-base-color has-text-color has-link-color has-large-font-size wp-elements-7647310635a253c4cf4fd42ab2593641\" id=\"leipa\">Takaamme painotuotteillemme aina ensiluokkaisen laadun tuotteen koosta tai muista ominaisuuksista riippumatta. Kokemus ja ammattitaitomme yhdistettyn\u00e4 ajanmukaisiin tuotantolaitteisiin takaavat asiakastyytyv\u00e4isyyden kerta toisensa j\u00e4lkeen.<br><br>Panostamme joustavaan ja luotettavaan palveluun \u2013 teemme mit\u00e4 lupaamme ja aina sovittujen aikataulujen mukaisesti. Autamme mielell\u00e4mme my\u00f6s painotuotteesi suunnittelussa sek\u00e4 juuri sinulle parhaiten sopivien materiaalivaihtoehtojen valinnassa.<\/p>\n\n\n\n<div class=\"wp-block-buttons alignwide is-content-justification-center is-layout-flex wp-container-core-buttons-is-layout-17ece71b wp-block-buttons-is-layout-flex\" style=\"border-style:none;border-width:0px;margin-bottom:0;padding-top:0;padding-bottom:var(--wp--preset--spacing--30)\">\n<div class=\"wp-block-button is-style-fill\"><a class=\"wp-block-button__link has-background wp-element-button\" href=\"https:\/\/kotisivutsinulle.fi\/yritykset\/viikkoprint\/yhteystiedot\/\" style=\"border-width:3px;border-radius:3px;background-color:#0f4fb3;padding-top:var(--wp--preset--spacing--20);padding-right:var(--wp--preset--spacing--40);padding-bottom:var(--wp--preset--spacing--20);padding-left:var(--wp--preset--spacing--40)\">ota yhteytt\u00e4 &gt;&gt;<\/a><\/div>\n<\/div>\n<\/div>\n<\/div>\n\n\n\n<div class=\"wp-block-columns alignwide is-layout-flex wp-container-core-columns-is-layout-328c6305 wp-block-columns-is-layout-flex\" style=\"padding-top:var(--wp--preset--spacing--30)\">\n<div class=\"wp-block-column is-layout-flow wp-block-column-is-layout-flow\">\n<h2 class=\"wp-block-heading has-base-color has-text-color has-link-color has-x-large-font-size wp-elements-67962ccb663c28519dab075acf7e1aab\" id=\"h2-otsikko\">Palvelemme monipuolisesti ja aina asiakasl\u00e4ht\u00f6isesti<\/h2>\n\n\n\n<p class=\"has-base-color has-text-color has-link-color has-large-font-size wp-elements-6c82a62cacc6c6baa1fb789d2646ea89\" id=\"leipa\">Tarjoamme laajan valikoiman erilaisia painotuotteita moniin tarpeisiin, aina juhlakutsuista yrityksesi markkinointituotteisiin. K\u00e4yntikortit, flyerit, kortit, kirjekuoret, lomakkeet my\u00f6s numeroituina.<br><br>Meid\u00e4t tunnetaan yst\u00e4v\u00e4llisest\u00e4 ja asiantuntevasta palvelusta sek\u00e4 laadukkaista painotuotteista. Toteutamme niin pienet kuin suuretkin er\u00e4t tarpeidesi ja toiveidesi mukaisesti nopeallakin varoitusajalla. Ota rohkeasti yhteytt\u00e4 puhelimitse, s\u00e4hk\u00f6postilla tai&nbsp;<a href=\"https:\/\/viikkoprint.fi\/yhteystiedot.html\">yhteydenottolomakkeella<\/a>.<\/p>\n\n\n\n<div class=\"wp-block-buttons alignwide is-content-justification-center is-layout-flex wp-container-core-buttons-is-layout-17ece71b wp-block-buttons-is-layout-flex\" style=\"border-style:none;border-width:0px;margin-bottom:0;padding-top:0;padding-bottom:var(--wp--preset--spacing--30)\">\n<div class=\"wp-block-button is-style-fill\"><a class=\"wp-block-button__link has-background wp-element-button\" href=\"https:\/\/kotisivutsinulle.fi\/yritykset\/viikkoprint\/yhteystiedot\/\" style=\"border-width:3px;border-radius:3px;background-color:#0f4fb3;padding-top:var(--wp--preset--spacing--20);padding-right:var(--wp--preset--spacing--40);padding-bottom:var(--wp--preset--spacing--20);padding-left:var(--wp--preset--spacing--40)\">ota yhteytt\u00e4<\/a><\/div>\n<\/div>\n<\/div>\n\n\n\n<div class=\"wp-block-column is-layout-flow wp-block-column-is-layout-flow\" style=\"padding-right:0px\">\n<figure class=\"wp-block-image size-large is-resized\" style=\"margin-right:0\"><img loading=\"lazy\" decoding=\"async\" width=\"2305\" height=\"2304\" src=\"https:\/\/kotisivutsinulle.fi\/yritykset\/viikkoprint\/wp-content\/uploads\/2025\/02\/viikkoprint6-edited.jpg\" alt=\"\" class=\"wp-image-111\" style=\"width:509px\" srcset=\"https:\/\/kotisivutsinulle.fi\/yritykset\/viikkoprint\/wp-content\/uploads\/2025\/02\/viikkoprint6-edited.jpg 2305w, https:\/\/kotisivutsinulle.fi\/yritykset\/viikkoprint\/wp-content\/uploads\/2025\/02\/viikkoprint6-edited-300x300.jpg 300w, https:\/\/kotisivutsinulle.fi\/yritykset\/viikkoprint\/wp-content\/uploads\/2025\/02\/viikkoprint6-edited-1024x1024.jpg 1024w, https:\/\/kotisivutsinulle.fi\/yritykset\/viikkoprint\/wp-content\/uploads\/2025\/02\/viikkoprint6-edited-150x150.jpg 150w, https:\/\/kotisivutsinulle.fi\/yritykset\/viikkoprint\/wp-content\/uploads\/2025\/02\/viikkoprint6-edited-768x768.jpg 768w, https:\/\/kotisivutsinulle.fi\/yritykset\/viikkoprint\/wp-content\/uploads\/2025\/02\/viikkoprint6-edited-1536x1536.jpg 1536w, https:\/\/kotisivutsinulle.fi\/yritykset\/viikkoprint\/wp-content\/uploads\/2025\/02\/viikkoprint6-edited-2048x2048.jpg 2048w\" sizes=\"auto, (max-width: 2305px) 100vw, 2305px\" \/><\/figure>\n<\/div>\n<\/div>\n<\/div>\n\n\n\n<p><\/p>\n","protected":false},"excerpt":{"rendered":"<p>Viikko-Print on palveleva painotalo Viikko-Print on palveleva digipaino Kanta-H\u00e4meess\u00e4. Tarjoamme kattavat painopalvelut asiakkaidemme monipuolisiin tarpeisiin nopeasti ja joustavasti. Palvelemme niin yksityisasiakkaita kuin yrityksi\u00e4kin. Meilt\u00e4 saat laadukkaat painotuotteet nopeasti ja edullisesti alueella Riihim\u00e4ki, H\u00e4meenlinna, Hyvink\u00e4\u00e4, Forssa, M\u00e4nts\u00e4l\u00e4, Karkkila, H\u00e4meenkoski, Hollola, Lahti, Loppi, Nurmij\u00e4rvi ja l\u00e4hialueet. Ota yhteytt\u00e4, kun tarvitset ammattilaisten monipuolisia painotalon palveluita! Painopalvelut ammattitaidolla Painotalo [&hellip;]<\/p>\n","protected":false},"author":1,"featured_media":0,"parent":0,"menu_order":0,"comment_status":"closed","ping_status":"closed","template":"","meta":{"footnotes":""},"class_list":["post-6","page","type-page","status-publish","hentry"],"_links":{"self":[{"href":"https:\/\/kotisivutsinulle.fi\/yritykset\/viikkoprint\/wp-json\/wp\/v2\/pages\/6","targetHints":{"allow":["GET"]}}],"collection":[{"href":"https:\/\/kotisivutsinulle.fi\/yritykset\/viikkoprint\/wp-json\/wp\/v2\/pages"}],"about":[{"href":"https:\/\/kotisivutsinulle.fi\/yritykset\/viikkoprint\/wp-json\/wp\/v2\/types\/page"}],"author":[{"embeddable":true,"href":"https:\/\/kotisivutsinulle.fi\/yritykset\/viikkoprint\/wp-json\/wp\/v2\/users\/1"}],"replies":[{"embeddable":true,"href":"https:\/\/kotisivutsinulle.fi\/yritykset\/viikkoprint\/wp-json\/wp\/v2\/comments?post=6"}],"version-history":[{"count":43,"href":"https:\/\/kotisivutsinulle.fi\/yritykset\/viikkoprint\/wp-json\/wp\/v2\/pages\/6\/revisions"}],"predecessor-version":[{"id":335,"href":"https:\/\/kotisivutsinulle.fi\/yritykset\/viikkoprint\/wp-json\/wp\/v2\/pages\/6\/revisions\/335"}],"wp:attachment":[{"href":"https:\/\/kotisivutsinulle.fi\/yritykset\/viikkoprint\/wp-json\/wp\/v2\/media?parent=6"}],"curies":[{"name":"wp","href":"https:\/\/api.w.org\/{rel}","templated":true}]}}